{"id":6635,"date":"2019-05-10T14:40:15","date_gmt":"2019-05-10T14:40:15","guid":{"rendered":"http:\/\/impreza.us-themes.com\/?page_id=6635"},"modified":"2024-08-22T12:27:50","modified_gmt":"2024-08-22T15:27:50","slug":"home","status":"publish","type":"page","link":"https:\/\/vigil.cl\/landing\/","title":{"rendered":"Inicio"},"content":{"rendered":"<section class=\"l-section wpb_row height_auto width_full with_img\"><div class=\"l-section-img\" role=\"img\" data-img-width=\"2560\" data-img-height=\"1585\" style=\"background-image: url(https:\/\/vigil.cl\/landing\/wp-content\/uploads\/2024\/07\/img12-scaled.jpg);background-repeat: no-repeat;\"><\/div><div class=\"l-section-h i-cf\"><div class=\"g-cols vc_row via_grid cols_1 laptops-cols_inherit tablets-cols_inherit mobiles-cols_1 valign_top type_default stacking_default\"><div class=\"wpb_column vc_column_container\"><div class=\"vc_column-inner\"><div class=\"g-cols wpb_row via_grid cols_2-1 laptops-cols_inherit tablets-cols_inherit mobiles-cols_1 valign_top type_default stacking_default\" style=\"--gap:3rem;\"><div class=\"wpb_column vc_column_container us_custom_14798bbd has_bg_color\"><div class=\"vc_column-inner\"><div class=\"w-separator size_medium\"><\/div><div class=\"w-image elementos align_left\"><a href=\"https:\/\/vigil.cl\/\" aria-label=\"logo\" class=\"w-image-h\"><img decoding=\"async\" width=\"115\" height=\"55\" src=\"https:\/\/vigil.cl\/landing\/wp-content\/uploads\/2024\/07\/logo.png\" class=\"attachment-large size-large\" alt=\"\" loading=\"lazy\" \/><\/a><\/div><div class=\"w-separator size_medium\"><\/div><div class=\"wpb_text_column us_custom_397536a4 elementos has_text_color us_animate_this\"><div class=\"wpb_wrapper\"><p>CONSTRUCCI\u00d3N, REPARACI\u00d3N<br \/>\nY SERVICIO T\u00c9CNICO<br \/>\n<strong>DE PISCINAS<\/strong><\/p>\n<\/div><\/div><div class=\"w-separator size_medium\"><\/div><div class=\"wpb_text_column us_custom_920de063 elementos has_text_color\"><div class=\"wpb_wrapper\"><p style=\"text-align: center;\">LL\u00c1MANOS<br \/>\n<a style=\"color: #47b1e7;\" href=\"tel:56976958366\">+56976958366<\/a><\/p>\n<\/div><\/div><\/div><\/div><div class=\"wpb_column vc_column_container us_custom_de366d1c us_animate_this\"><div class=\"vc_column-inner\"><div class=\"w-separator size_medium\"><\/div><div class=\"w-separator size_medium\"><\/div><div class=\"w-text us_custom_46b18fe8 has_text_color hide_on_mobiles\"><span class=\"w-text-h\"><span class=\"w-text-value\">Cont\u00e1ctanos<\/span><\/span><\/div><div class=\"wpb_text_column us_custom_73521273 has_text_color hide_on_default hide_on_laptops hide_on_tablets\"><div class=\"wpb_wrapper\"><p style=\"text-align: left;\">Cont\u00e1ctanos<\/p>\n<\/div><\/div>\n<div class=\"wpcf7 no-js us_custom_ad0f428d\" id=\"wpcf7-f13-o1\" lang=\"es-ES\" dir=\"ltr\">\n<div class=\"screen-reader-response\"><p role=\"status\" aria-live=\"polite\" aria-atomic=\"true\"><\/p> <ul><\/ul><\/div>\n<form action=\"\/landing\/index.php\/wp-json\/wp\/v2\/pages\/6635#wpcf7-f13-o1\" method=\"post\" class=\"wpcf7-form init\" aria-label=\"Formulario de contacto\" novalidate=\"novalidate\" data-status=\"init\">\n<div style=\"display: none;\">\n<input type=\"hidden\" name=\"_wpcf7\" value=\"13\" \/>\n<input type=\"hidden\" name=\"_wpcf7_version\" value=\"5.9.3\" \/>\n<input type=\"hidden\" name=\"_wpcf7_locale\" value=\"es_ES\" \/>\n<input type=\"hidden\" name=\"_wpcf7_unit_tag\" value=\"wpcf7-f13-o1\" \/>\n<input type=\"hidden\" name=\"_wpcf7_container_post\" value=\"0\" \/>\n<input type=\"hidden\" name=\"_wpcf7_posted_data_hash\" value=\"\" \/>\n<\/div>\n<p><label><br \/>\n<span class=\"wpcf7-form-control-wrap\" data-name=\"your-name\"><input size=\"40\" class=\"wpcf7-form-control wpcf7-text wpcf7-validates-as-required\" aria-required=\"true\" aria-invalid=\"false\" placeholder=\"Nombre\" value=\"\" type=\"text\" name=\"your-name\" \/><\/span> <\/label>\n<\/p>\n<p><label><br \/>\n<span class=\"wpcf7-form-control-wrap\" data-name=\"your-phone\"><input size=\"40\" class=\"wpcf7-form-control wpcf7-tel wpcf7-validates-as-required wpcf7-text wpcf7-validates-as-tel\" aria-required=\"true\" aria-invalid=\"false\" placeholder=\"T\u00e9lefono\" value=\"\" type=\"tel\" name=\"your-phone\" \/><\/span> <\/label>\n<\/p>\n<p><label><span class=\"wpcf7-form-control-wrap\" data-name=\"your-email\"><input size=\"40\" class=\"wpcf7-form-control wpcf7-email wpcf7-validates-as-required wpcf7-text wpcf7-validates-as-email\" aria-required=\"true\" aria-invalid=\"false\" placeholder=\"Correo\" value=\"\" type=\"email\" name=\"your-email\" \/><\/span><\/label>\n<\/p>\n<p><label><span class=\"wpcf7-form-control-wrap\" data-name=\"your-textarea\"><textarea cols=\"40\" rows=\"10\" class=\"wpcf7-form-control wpcf7-textarea wpcf7-validates-as-required\" aria-required=\"true\" aria-invalid=\"false\" placeholder=\"Mensaje\" name=\"your-textarea\"><\/textarea><\/span><\/label>\n<\/p>\n<p><input class=\"wpcf7-form-control wpcf7-submit has-spinner\" type=\"submit\" value=\"Enviar\" \/>\n<\/p><p style=\"display: none !important;\" class=\"akismet-fields-container\" data-prefix=\"_wpcf7_ak_\"><label>&#916;<textarea name=\"_wpcf7_ak_hp_textarea\" cols=\"45\" rows=\"8\" maxlength=\"100\"><\/textarea><\/label><input type=\"hidden\" id=\"ak_js_1\" name=\"_wpcf7_ak_js\" value=\"168\"\/><script>document.getElementById( \"ak_js_1\" ).setAttribute( \"value\", ( new Date() ).getTime() );<\/script><\/p><div class=\"wpcf7-response-output\" aria-hidden=\"true\"><\/div>\n<\/form>\n<\/div>\n<div class=\"w-separator size_medium\"><\/div><\/div><\/div><\/div><\/div><\/div><\/div><\/div><\/section><section class=\"l-section wpb_row height_custom\"><div class=\"l-section-h i-cf\"><div class=\"g-cols vc_row via_grid cols_1 laptops-cols_inherit tablets-cols_inherit mobiles-cols_1 valign_top type_default stacking_default\"><div class=\"wpb_column vc_column_container\"><div class=\"vc_column-inner\"><div class=\"w-hwrapper us_custom_65cec53d contenedor valign_middle align_center\"><div class=\"wpb_text_column us_custom_f36a9b56 texto us_animate_this hide_on_mobiles\"><div class=\"wpb_wrapper\"><p>CONSTRUCCI\u00d3N DE PISCINA<\/p>\n<\/div><\/div><div class=\"wpb_text_column us_custom_f36a9b56 texto us_animate_this hide_on_mobiles\"><div class=\"wpb_wrapper\"><p>REPARACI\u00d3N DE PISCINAS<\/p>\n<\/div><\/div><div class=\"wpb_text_column us_custom_f36a9b56 texto us_animate_this hide_on_mobiles\"><div class=\"wpb_wrapper\"><p>SERVICIO T\u00c9CNICO<\/p>\n<\/div><\/div><div class=\"wpb_text_column us_custom_30c77c3f has_text_color us_animate_this hide_on_default hide_on_laptops hide_on_tablets\"><div class=\"wpb_wrapper\"><p style=\"text-align: center;\">SERVICIOS<\/p>\n<\/div><\/div><\/div><div class=\"w-separator size_small\"><\/div><div class=\"g-cols wpb_row via_grid cols_2 laptops-cols_inherit tablets-cols_inherit mobiles-cols_1 valign_top type_default stacking_default\" style=\"--gap:3rem;\"><div class=\"wpb_column vc_column_container\"><div class=\"vc_column-inner\"><div class=\"w-image us_custom_6c21c073 ima-piscinas us_animate_this align_center\"><div class=\"w-image-h\"><img decoding=\"async\" width=\"1024\" height=\"1024\" src=\"https:\/\/vigil.cl\/landing\/wp-content\/uploads\/2024\/07\/img18-1024x1024.jpg\" class=\"attachment-large size-large\" alt=\"\" loading=\"lazy\" srcset=\"https:\/\/vigil.cl\/landing\/wp-content\/uploads\/2024\/07\/img18-1024x1024.jpg 1024w, https:\/\/vigil.cl\/landing\/wp-content\/uploads\/2024\/07\/img18-300x300.jpg 300w, https:\/\/vigil.cl\/landing\/wp-content\/uploads\/2024\/07\/img18-150x150.jpg 150w, https:\/\/vigil.cl\/landing\/wp-content\/uploads\/2024\/07\/img18-1536x1536.jpg 1536w, https:\/\/vigil.cl\/landing\/wp-content\/uploads\/2024\/07\/img18-600x600.jpg 600w, https:\/\/vigil.cl\/landing\/wp-content\/uploads\/2024\/07\/img18.jpg 2048w\" sizes=\"(max-width: 1024px) 100vw, 1024px\" \/><\/div><\/div><\/div><\/div><div class=\"wpb_column vc_column_container us_custom_ba870b58 us_animate_this\"><div class=\"vc_column-inner\"><div class=\"w-separator hide_on_mobiles size_large\"><\/div><div class=\"wpb_text_column us_custom_7f01abb9 has_text_color\"><div class=\"wpb_wrapper\"><p>CONSTRUCCI\u00d3N<br \/>\nDE <strong>PISCINAS<\/strong><\/p>\n<\/div><\/div><div class=\"w-separator size_small\"><\/div><div class=\"wpb_text_column us_custom_1281e0b6\"><div class=\"wpb_wrapper\"><p style=\"text-align: justify;\">La construcci\u00f3n de piscinas es nuestro orgullo. Es por eso que trabajamos con los mejores est\u00e1ndares t\u00e9cnicos de calidad, contando con los productos m\u00e1s nobles sobre equipamientos y terminaciones.<\/p>\n<\/div><\/div><div class=\"w-separator size_medium\"><\/div><div class=\"w-btn-wrapper align_left\"><a class=\"w-btn us-btn-style_17\" href=\"tel:56976958366\"><span class=\"w-btn-label\">+56976958366<\/span><\/a><\/div><\/div><\/div><\/div><div class=\"w-separator size_small\"><\/div><div class=\"g-cols wpb_row via_grid cols_2 laptops-cols_inherit tablets-cols_inherit mobiles-cols_1 valign_top type_default stacking_default\" style=\"--gap:3rem;\"><div class=\"wpb_column vc_column_container\"><div class=\"vc_column-inner\"><div class=\"w-image us_custom_6c21c073 ima-piscinas us_animate_this align_center\"><div class=\"w-image-h\"><img decoding=\"async\" width=\"1024\" height=\"768\" src=\"https:\/\/vigil.cl\/landing\/wp-content\/uploads\/2024\/07\/perdidas-de-agua-en-piscinas.jpg\" class=\"attachment-large size-large\" alt=\"\" loading=\"lazy\" srcset=\"https:\/\/vigil.cl\/landing\/wp-content\/uploads\/2024\/07\/perdidas-de-agua-en-piscinas.jpg 1024w, https:\/\/vigil.cl\/landing\/wp-content\/uploads\/2024\/07\/perdidas-de-agua-en-piscinas-300x225.jpg 300w, https:\/\/vigil.cl\/landing\/wp-content\/uploads\/2024\/07\/perdidas-de-agua-en-piscinas-600x450.jpg 600w\" sizes=\"(max-width: 1024px) 100vw, 1024px\" \/><\/div><\/div><\/div><\/div><div class=\"wpb_column vc_column_container us_custom_ba870b58 us_animate_this\"><div class=\"vc_column-inner\"><div class=\"w-separator hide_on_mobiles size_large\"><\/div><div class=\"wpb_text_column us_custom_7f01abb9 has_text_color\"><div class=\"wpb_wrapper\"><p>P\u00c9RDIDAS DE<br \/>\nAGUA EN <strong>PISCINAS<\/strong><\/p>\n<\/div><\/div><div class=\"w-separator size_small\"><\/div><div class=\"wpb_text_column us_custom_1281e0b6\"><div class=\"wpb_wrapper\"><p style=\"text-align: justify;\">Nuestra empresa posee una basta experiencia en dar soluci\u00f3n definitiva e integral a su problema de p\u00e9rdida de agua, en piscina con fallas de grietas, todo esto a trav\u00e9s de un sistema de revestimiento que permite y entrega Impermeabilizaci\u00f3n y terminaciones.<\/p>\n<\/div><\/div><div class=\"w-separator size_medium\"><\/div><div class=\"w-btn-wrapper align_left\"><a class=\"w-btn us-btn-style_17\" href=\"tel:56976958366\"><span class=\"w-btn-label\">+56976958366<\/span><\/a><\/div><\/div><\/div><\/div><div class=\"w-separator size_small\"><\/div><div class=\"g-cols wpb_row via_grid cols_2 laptops-cols_inherit tablets-cols_inherit mobiles-cols_1 valign_top type_default stacking_default\" style=\"--gap:3rem;\"><div class=\"wpb_column vc_column_container\"><div class=\"vc_column-inner\"><div class=\"w-image us_custom_6c21c073 ima-piscinas us_animate_this align_center\"><div class=\"w-image-h\"><img decoding=\"async\" width=\"1024\" height=\"641\" src=\"https:\/\/vigil.cl\/landing\/wp-content\/uploads\/2024\/07\/img13-1024x641.jpg\" class=\"attachment-large size-large\" alt=\"\" loading=\"lazy\" srcset=\"https:\/\/vigil.cl\/landing\/wp-content\/uploads\/2024\/07\/img13-1024x641.jpg 1024w, https:\/\/vigil.cl\/landing\/wp-content\/uploads\/2024\/07\/img13-300x188.jpg 300w, https:\/\/vigil.cl\/landing\/wp-content\/uploads\/2024\/07\/img13-1536x962.jpg 1536w, https:\/\/vigil.cl\/landing\/wp-content\/uploads\/2024\/07\/img13-600x376.jpg 600w, https:\/\/vigil.cl\/landing\/wp-content\/uploads\/2024\/07\/img13.jpg 2038w\" sizes=\"(max-width: 1024px) 100vw, 1024px\" \/><\/div><\/div><\/div><\/div><div class=\"wpb_column vc_column_container us_custom_ba870b58 us_animate_this\"><div class=\"vc_column-inner\"><div class=\"w-separator hide_on_mobiles size_large\"><\/div><div class=\"wpb_text_column us_custom_7f01abb9 has_text_color\"><div class=\"wpb_wrapper\"><p>CAMBIO DE<br \/>\nREVESTIMIENTO<br \/>\nEN<strong> PISCINAS<\/strong><\/p>\n<\/div><\/div><div class=\"w-separator size_small\"><\/div><div class=\"wpb_text_column us_custom_1281e0b6\"><div class=\"wpb_wrapper\"><p style=\"text-align: justify;\">Trabajamos con la m\u00e1s amplia gama para revestir y dar la terminaci\u00f3n deseada a su piscina.<\/p>\n<\/div><\/div><div class=\"w-separator size_medium\"><\/div><div class=\"w-btn-wrapper align_left\"><a class=\"w-btn us-btn-style_17\" href=\"tel:56976958366\"><span class=\"w-btn-label\">+56976958366<\/span><\/a><\/div><\/div><\/div><\/div><div class=\"w-separator size_small\"><\/div><div class=\"g-cols wpb_row via_grid cols_2 laptops-cols_inherit tablets-cols_inherit mobiles-cols_1 valign_top type_default stacking_default\" style=\"--gap:3rem;\"><div class=\"wpb_column vc_column_container\"><div class=\"vc_column-inner\"><div class=\"w-image us_custom_6c21c073 ima-piscinas us_animate_this align_center\"><div class=\"w-image-h\"><img decoding=\"async\" width=\"1024\" height=\"683\" src=\"https:\/\/vigil.cl\/landing\/wp-content\/uploads\/2024\/07\/filtraciones-en-piscinas.jpg\" class=\"attachment-large size-large\" alt=\"\" loading=\"lazy\" srcset=\"https:\/\/vigil.cl\/landing\/wp-content\/uploads\/2024\/07\/filtraciones-en-piscinas.jpg 1024w, https:\/\/vigil.cl\/landing\/wp-content\/uploads\/2024\/07\/filtraciones-en-piscinas-300x200.jpg 300w, https:\/\/vigil.cl\/landing\/wp-content\/uploads\/2024\/07\/filtraciones-en-piscinas-600x400.jpg 600w\" sizes=\"(max-width: 1024px) 100vw, 1024px\" \/><\/div><\/div><\/div><\/div><div class=\"wpb_column vc_column_container us_custom_ba870b58 us_animate_this\"><div class=\"vc_column-inner\"><div class=\"w-separator hide_on_mobiles size_large\"><\/div><div class=\"wpb_text_column us_custom_7f01abb9 has_text_color\"><div class=\"wpb_wrapper\"><p>FILTRACIONES<br \/>\nEN<strong> PISCINAS<\/strong><\/p>\n<\/div><\/div><div class=\"w-separator size_small\"><\/div><div class=\"wpb_text_column us_custom_1281e0b6\"><div class=\"wpb_wrapper\"><p style=\"text-align: justify;\">Damos soluci\u00f3n a cualquier tipo de fuga o filtraciones de agua que existan en tu piscina.<\/p>\n<\/div><\/div><div class=\"w-separator size_medium\"><\/div><div class=\"w-btn-wrapper align_left\"><a class=\"w-btn us-btn-style_17\" href=\"tel:56976958366\"><span class=\"w-btn-label\">+56976958366<\/span><\/a><\/div><\/div><\/div><\/div><div class=\"w-separator size_small\"><\/div><\/div><\/div><\/div><\/div><\/section><section class=\"l-section wpb_row height_custom\"><div class=\"l-section-h i-cf\"><div class=\"g-cols vc_row via_grid cols_3 laptops-cols_inherit tablets-cols_inherit mobiles-cols_1 valign_top type_default stacking_default\"><div class=\"wpb_column vc_column_container\"><div class=\"vc_column-inner\"><div class=\"w-vwrapper us_custom_3049c8c8 us_animate_this align_left valign_middle\"><div class=\"w-separator size_small\"><\/div><div class=\"w-text us_custom_2c9a65bc has_text_color icon_atleft\"><span class=\"w-text-h\"><i class=\"fas fa-map-marker\"><\/i><span class=\"w-text-value\">DIRECCI\u00d3N:<\/span><\/span><\/div><div class=\"w-separator size_small\"><\/div><div class=\"wpb_text_column us_custom_de0426d5\"><div class=\"wpb_wrapper\"><p>Camino interior Lo Solar, parcela 4. Lampa<\/p>\n<\/div><\/div><div class=\"w-separator size_custom\" style=\"height:4px\"><\/div><\/div><\/div><\/div><div class=\"wpb_column vc_column_container\"><div class=\"vc_column-inner\"><div class=\"w-vwrapper us_custom_3049c8c8 us_animate_this align_left valign_middle\"><div class=\"w-separator size_small\"><\/div><div class=\"w-text us_custom_2c9a65bc has_text_color icon_atleft\"><span class=\"w-text-h\"><i class=\"fas fa-phone\"><\/i><span class=\"w-text-value\">T\u00c9LEFONOS:<\/span><\/span><\/div><div class=\"w-separator size_small\"><\/div><div class=\"wpb_text_column us_custom_de0426d5\"><div class=\"wpb_wrapper\"><p><a href=\"tel:56976958366\">+56976958366<\/a><\/p>\n<\/div><\/div><div class=\"w-separator size_small\"><\/div><\/div><\/div><\/div><div class=\"wpb_column vc_column_container\"><div class=\"vc_column-inner\"><div class=\"w-vwrapper us_custom_3049c8c8 us_animate_this align_left valign_middle\"><div class=\"w-separator size_small\"><\/div><div class=\"w-text us_custom_2c9a65bc has_text_color icon_atleft\"><span class=\"w-text-h\"><i class=\"fas fa-envelope\"><\/i><span class=\"w-text-value\">EMAIL:<\/span><\/span><\/div><div class=\"w-separator size_small\"><\/div><div class=\"wpb_text_column us_custom_de0426d5\"><div class=\"wpb_wrapper\"><p><a>administracion@vigil.cl<\/a><\/p>\n<\/div><\/div><div class=\"w-separator size_small\"><\/div><\/div><\/div><\/div><\/div><\/div><\/section><section class=\"l-section wpb_row height_auto width_full with_img\"><div class=\"l-section-img\" role=\"img\" data-img-width=\"2560\" data-img-height=\"1585\" style=\"background-image: url(https:\/\/vigil.cl\/landing\/wp-content\/uploads\/2024\/07\/img12-scaled.jpg);background-repeat: no-repeat;\"><\/div><div class=\"l-section-h i-cf\"><div class=\"g-cols vc_row via_grid cols_2 laptops-cols_inherit tablets-cols_inherit mobiles-cols_1 valign_top type_default stacking_default\"><div class=\"wpb_column vc_column_container\"><div class=\"vc_column-overlay\" style=\"background:rgba(6,88,132,0.55)\"><\/div><div class=\"vc_column-inner\"><div class=\"w-separator size_small\"><\/div><div class=\"w-vwrapper us_custom_a034389d align_center valign_middle\" style=\"--vwrapper-gap:1rem\"><div class=\"w-text us_custom_725674da has_text_color us_animate_this\"><span class=\"w-text-h\"><span class=\"w-text-value\">M\u00c1S DE 50 A\u00d1OS DE EXPERIENCIA EN PISCINAS<\/span><\/span><\/div><div class=\"w-separator size_small\"><\/div><div class=\"wpb_text_column us_custom_69e25b8a has_text_color us_animate_this\"><div class=\"wpb_wrapper\"><p style=\"text-align: justify;\">Tradicionalmente, nuestro trabajo se ha iniciado desde la definici\u00f3n de la necesidad de nuestros clientes. Contamos con una amplia trayectoria en asesor\u00edas personalizadas, para recomendar el equipamiento necesario a la medida del proyecto que se requiera.<\/p>\n<\/div><\/div><\/div><\/div><\/div><div class=\"wpb_column vc_column_container us_custom_fed87dac has_bg_color\"><div class=\"vc_column-inner\"><div class=\"w-separator size_medium\"><\/div><div class=\"wpb_text_column us_custom_90b11853 has_text_color us_animate_this\"><div class=\"wpb_wrapper\"><p>CALIDAD Y CONFIANZA<br \/>\nAL SERVICIO DE TU<br \/>\nPISCINA<\/p>\n<\/div><\/div><\/div><\/div><\/div><\/div><\/section><section class=\"l-section wpb_row height_auto width_full\"><div class=\"l-section-overlay\" style=\"background:#065884\"><\/div><div class=\"l-section-h i-cf\"><div class=\"g-cols vc_row via_grid cols_1 laptops-cols_inherit tablets-cols_inherit mobiles-cols_1 valign_top type_default stacking_default\"><div class=\"wpb_column vc_column_container\"><div class=\"vc_column-inner\"><div class=\"w-separator size_medium\"><\/div><\/div><\/div><\/div><\/div><\/section>\n","protected":false},"excerpt":{"rendered":"CONSTRUCCI\u00d3N, REPARACI\u00d3N Y SERVICIO T\u00c9CNICO DE PISCINAS LL\u00c1MANOS +56976958366 Cont\u00e1ctanosCont\u00e1ctanos &#916; CONSTRUCCI\u00d3N DE PISCINA REPARACI\u00d3N DE PISCINAS SERVICIO T\u00c9CNICO SERVICIOS CONSTRUCCI\u00d3N DE PISCINAS La construcci\u00f3n de piscinas es nuestro orgullo. Es por eso que trabajamos con los mejores est\u00e1ndares t\u00e9cnicos de calidad, contando con los productos m\u00e1s nobles sobre equipamientos y terminaciones. +56976958366P\u00c9RDIDAS DE AGUA...","protected":false},"author":3,"featured_media":0,"parent":0,"menu_order":0,"comment_status":"closed","ping_status":"closed","template":"","meta":{"footnotes":""},"class_list":["post-6635","page","type-page","status-publish","hentry"],"acf":[],"_links":{"self":[{"href":"https:\/\/vigil.cl\/landing\/index.php\/wp-json\/wp\/v2\/pages\/6635"}],"collection":[{"href":"https:\/\/vigil.cl\/landing\/index.php\/wp-json\/wp\/v2\/pages"}],"about":[{"href":"https:\/\/vigil.cl\/landing\/index.php\/wp-json\/wp\/v2\/types\/page"}],"author":[{"embeddable":true,"href":"https:\/\/vigil.cl\/landing\/index.php\/wp-json\/wp\/v2\/users\/3"}],"replies":[{"embeddable":true,"href":"https:\/\/vigil.cl\/landing\/index.php\/wp-json\/wp\/v2\/comments?post=6635"}],"version-history":[{"count":274,"href":"https:\/\/vigil.cl\/landing\/index.php\/wp-json\/wp\/v2\/pages\/6635\/revisions"}],"predecessor-version":[{"id":9409,"href":"https:\/\/vigil.cl\/landing\/index.php\/wp-json\/wp\/v2\/pages\/6635\/revisions\/9409"}],"wp:attachment":[{"href":"https:\/\/vigil.cl\/landing\/index.php\/wp-json\/wp\/v2\/media?parent=6635"}],"curies":[{"name":"wp","href":"https:\/\/api.w.org\/{rel}","templated":true}]}}